{"id":237,"date":"2024-11-05T09:18:19","date_gmt":"2024-11-05T06:18:19","guid":{"rendered":"https:\/\/vipdekorambalaj.com\/?page_id=237"},"modified":"2026-01-30T17:49:48","modified_gmt":"2026-01-30T14:49:48","slug":"foto-galeri","status":"publish","type":"page","link":"https:\/\/vipdekorambalaj.com\/?page_id=237","title":{"rendered":"Foto Galeri"},"content":{"rendered":"\n<p class=\"has-kubio-color-5-color has-text-color has-link-color wp-elements-9e6158819763d472b9cb829bfdd8893a\">G\u00fcncel Projelerimizden Haberdar olmak i\u00e7in bizi sosyal Medya hesaplar\u0131m\u0131zdan takip edin. <\/p>\n\n\n\n\n\n\n","protected":false},"excerpt":{"rendered":"<p>G\u00fcncel Projelerimizden Haberdar olmak i\u00e7in bizi sosyal Medya hesaplar\u0131m\u0131zdan takip edin.<\/p>\n","protected":false},"author":1,"featured_media":0,"parent":0,"menu_order":0,"comment_status":"closed","ping_status":"closed","template":"","meta":{"saved_in_kubio":true,"footnotes":""},"class_list":["post-237","page","type-page","status-publish","hentry"],"kubio_ai_page_context":{"short_desc":"","purpose":"general"},"_links":{"self":[{"href":"https:\/\/vipdekorambalaj.com\/index.php?rest_route=\/wp\/v2\/pages\/237","targetHints":{"allow":["GET"]}}],"collection":[{"href":"https:\/\/vipdekorambalaj.com\/index.php?rest_route=\/wp\/v2\/pages"}],"about":[{"href":"https:\/\/vipdekorambalaj.com\/index.php?rest_route=\/wp\/v2\/types\/page"}],"author":[{"embeddable":true,"href":"https:\/\/vipdekorambalaj.com\/index.php?rest_route=\/wp\/v2\/users\/1"}],"replies":[{"embeddable":true,"href":"https:\/\/vipdekorambalaj.com\/index.php?rest_route=%2Fwp%2Fv2%2Fcomments&post=237"}],"version-history":[{"count":7,"href":"https:\/\/vipdekorambalaj.com\/index.php?rest_route=\/wp\/v2\/pages\/237\/revisions"}],"predecessor-version":[{"id":387,"href":"https:\/\/vipdekorambalaj.com\/index.php?rest_route=\/wp\/v2\/pages\/237\/revisions\/387"}],"wp:attachment":[{"href":"https:\/\/vipdekorambalaj.com\/index.php?rest_route=%2Fwp%2Fv2%2Fmedia&parent=237"}],"curies":[{"name":"wp","href":"https:\/\/api.w.org\/{rel}","templated":true}]}}