{"id":266,"date":"2024-11-05T10:55:55","date_gmt":"2024-11-05T07:55:55","guid":{"rendered":"https:\/\/vipdekorambalaj.com\/?page_id=266"},"modified":"2024-11-05T10:55:55","modified_gmt":"2024-11-05T07:55:55","slug":"video-galeri","status":"publish","type":"page","link":"https:\/\/vipdekorambalaj.com\/?page_id=266","title":{"rendered":"Video Galeri"},"content":{"rendered":"\n<p>G\u00fcncel Projelerimizden Haberdar olmak i\u00e7in bizi sosyal Medya hesaplar\u0131m\u0131zdan takip edin.<\/p>\n\n\n\n<p><a><\/a><a><\/a><a href=\"https:\/\/www.youtube.com\/@VipDekorAmbalaj\"><\/a><a href=\"https:\/\/www.instagram.com\/vipdekorambalaj\/\"><\/a><a href=\"https:\/\/www.linkedin.com\/in\/vip-dekor-ve-ambalaj-4aa38b336\/\"><\/a><\/p>\n\n\n\n\n\n\n\n\n\n\n","protected":false},"excerpt":{"rendered":"<p>G\u00fcncel Projelerimizden Haberdar olmak i\u00e7in bizi sosyal Medya hesaplar\u0131m\u0131zdan takip edin.<\/p>\n","protected":false},"author":1,"featured_media":0,"parent":0,"menu_order":0,"comment_status":"closed","ping_status":"closed","template":"","meta":{"saved_in_kubio":false,"footnotes":""},"class_list":["post-266","page","type-page","status-publish","hentry"],"kubio_ai_page_context":{"short_desc":"","purpose":"general"},"_links":{"self":[{"href":"https:\/\/vipdekorambalaj.com\/index.php?rest_route=\/wp\/v2\/pages\/266","targetHints":{"allow":["GET"]}}],"collection":[{"href":"https:\/\/vipdekorambalaj.com\/index.php?rest_route=\/wp\/v2\/pages"}],"about":[{"href":"https:\/\/vipdekorambalaj.com\/index.php?rest_route=\/wp\/v2\/types\/page"}],"author":[{"embeddable":true,"href":"https:\/\/vipdekorambalaj.com\/index.php?rest_route=\/wp\/v2\/users\/1"}],"replies":[{"embeddable":true,"href":"https:\/\/vipdekorambalaj.com\/index.php?rest_route=%2Fwp%2Fv2%2Fcomments&post=266"}],"version-history":[{"count":1,"href":"https:\/\/vipdekorambalaj.com\/index.php?rest_route=\/wp\/v2\/pages\/266\/revisions"}],"predecessor-version":[{"id":270,"href":"https:\/\/vipdekorambalaj.com\/index.php?rest_route=\/wp\/v2\/pages\/266\/revisions\/270"}],"wp:attachment":[{"href":"https:\/\/vipdekorambalaj.com\/index.php?rest_route=%2Fwp%2Fv2%2Fmedia&parent=266"}],"curies":[{"name":"wp","href":"https:\/\/api.w.org\/{rel}","templated":true}]}}