{"id":73,"date":"2024-11-01T11:38:04","date_gmt":"2024-11-01T08:38:04","guid":{"rendered":"https:\/\/vipdekorambalaj.com\/?page_id=73"},"modified":"2024-11-05T15:35:01","modified_gmt":"2024-11-05T12:35:01","slug":"serigrafi-baski","status":"publish","type":"page","link":"https:\/\/vipdekorambalaj.com\/?page_id=73","title":{"rendered":"SER\u0130GRAF\u0130 BASKI"},"content":{"rendered":"\n<p class=\"has-text-align-left\"><strong>V\u0130P DEKOR,<\/strong> Her t\u00fcrl\u00fc cam ambalaj \u00fczerine organik, uv bask\u0131lar yaparak, Firmam\u0131z serigrafi bask\u0131 b\u00f6l\u00fcm\u00fc \u00e7ok renk ile tek renk tam otomatik makinalar ve yar\u0131 otomatik ile manuel bask\u0131 sistemleri ile t\u00fcm sipari\u015f adetlerinde \u00e7al\u0131\u015fabilmektedir.\u00a0Bask\u0131 makinalar\u0131m\u0131z tek renk ve \u00e7ok renk bask\u0131 yapabilmektedir. Bask\u0131 renklerinde m\u00fc\u015fterilerimizin PANTONE renk talepleri \u00fczerinden t\u00fcm ana ve ara renklerde hizmet verilmektedir.<\/p>\n\n\n","protected":false},"excerpt":{"rendered":"<p>V\u0130P DEKOR, Her t\u00fcrl\u00fc cam ambalaj \u00fczerine organik, uv bask\u0131lar yaparak, Firmam\u0131z serigrafi bask\u0131 b\u00f6l\u00fcm\u00fc \u00e7ok renk ile tek renk tam otomatik makinalar ve yar\u0131 otomatik ile manuel bask\u0131 sistemleri ile t\u00fcm sipari\u015f adetlerinde \u00e7al\u0131\u015fabilmektedir.\u00a0Bask\u0131 makinalar\u0131m\u0131z tek renk ve \u00e7ok renk bask\u0131 yapabilmektedir. Bask\u0131 renklerinde m\u00fc\u015fterilerimizin PANTONE renk talepleri \u00fczerinden t\u00fcm ana ve ara renklerde [&hellip;]<\/p>\n","protected":false},"author":1,"featured_media":0,"parent":0,"menu_order":0,"comment_status":"closed","ping_status":"closed","template":"","meta":{"saved_in_kubio":false,"footnotes":""},"class_list":["post-73","page","type-page","status-publish","hentry"],"kubio_ai_page_context":{"short_desc":"","purpose":"general"},"_links":{"self":[{"href":"https:\/\/vipdekorambalaj.com\/index.php?rest_route=\/wp\/v2\/pages\/73","targetHints":{"allow":["GET"]}}],"collection":[{"href":"https:\/\/vipdekorambalaj.com\/index.php?rest_route=\/wp\/v2\/pages"}],"about":[{"href":"https:\/\/vipdekorambalaj.com\/index.php?rest_route=\/wp\/v2\/types\/page"}],"author":[{"embeddable":true,"href":"https:\/\/vipdekorambalaj.com\/index.php?rest_route=\/wp\/v2\/users\/1"}],"replies":[{"embeddable":true,"href":"https:\/\/vipdekorambalaj.com\/index.php?rest_route=%2Fwp%2Fv2%2Fcomments&post=73"}],"version-history":[{"count":2,"href":"https:\/\/vipdekorambalaj.com\/index.php?rest_route=\/wp\/v2\/pages\/73\/revisions"}],"predecessor-version":[{"id":275,"href":"https:\/\/vipdekorambalaj.com\/index.php?rest_route=\/wp\/v2\/pages\/73\/revisions\/275"}],"wp:attachment":[{"href":"https:\/\/vipdekorambalaj.com\/index.php?rest_route=%2Fwp%2Fv2%2Fmedia&parent=73"}],"curies":[{"name":"wp","href":"https:\/\/api.w.org\/{rel}","templated":true}]}}