{"id":76,"date":"2024-11-01T11:40:17","date_gmt":"2024-11-01T08:40:17","guid":{"rendered":"https:\/\/vipdekorambalaj.com\/?page_id=76"},"modified":"2024-11-01T11:40:17","modified_gmt":"2024-11-01T08:40:17","slug":"organik-boyama","status":"publish","type":"page","link":"https:\/\/vipdekorambalaj.com\/?page_id=76","title":{"rendered":"ORGAN\u0130K BOYAMA"},"content":{"rendered":"\n<p><strong>V\u0130P DEKOR,<\/strong> \u00c7evreye duyarl\u0131 su bazl\u0131 boyalar ile PANTONE renk talepleri \u00fczerinden t\u00fcm ana ve ara renkler ile renklendirme yapabilir ve farkl\u0131 efektler ile (transparan, opak, mat, metalik, simli, soft touch) boyanmaktad\u0131r. cam \u00fcr\u00fcnler d\u0131\u015f\u0131nda plastik \u00fcr\u00fcn (PP, PE, Pet) boyamalar\u0131 da yapmaktad\u0131r.<\/p>\n\n\n","protected":false},"excerpt":{"rendered":"<p>V\u0130P DEKOR, \u00c7evreye duyarl\u0131 su bazl\u0131 boyalar ile PANTONE renk talepleri \u00fczerinden t\u00fcm ana ve ara renkler ile renklendirme yapabilir ve farkl\u0131 efektler ile (transparan, opak, mat, metalik, simli, soft touch) boyanmaktad\u0131r. cam \u00fcr\u00fcnler d\u0131\u015f\u0131nda plastik \u00fcr\u00fcn (PP, PE, Pet) boyamalar\u0131 da yapmaktad\u0131r.<\/p>\n","protected":false},"author":1,"featured_media":0,"parent":0,"menu_order":0,"comment_status":"closed","ping_status":"closed","template":"","meta":{"saved_in_kubio":false,"footnotes":""},"class_list":["post-76","page","type-page","status-publish","hentry"],"kubio_ai_page_context":{"short_desc":"","purpose":"general"},"_links":{"self":[{"href":"https:\/\/vipdekorambalaj.com\/index.php?rest_route=\/wp\/v2\/pages\/76","targetHints":{"allow":["GET"]}}],"collection":[{"href":"https:\/\/vipdekorambalaj.com\/index.php?rest_route=\/wp\/v2\/pages"}],"about":[{"href":"https:\/\/vipdekorambalaj.com\/index.php?rest_route=\/wp\/v2\/types\/page"}],"author":[{"embeddable":true,"href":"https:\/\/vipdekorambalaj.com\/index.php?rest_route=\/wp\/v2\/users\/1"}],"replies":[{"embeddable":true,"href":"https:\/\/vipdekorambalaj.com\/index.php?rest_route=%2Fwp%2Fv2%2Fcomments&post=76"}],"version-history":[{"count":1,"href":"https:\/\/vipdekorambalaj.com\/index.php?rest_route=\/wp\/v2\/pages\/76\/revisions"}],"predecessor-version":[{"id":78,"href":"https:\/\/vipdekorambalaj.com\/index.php?rest_route=\/wp\/v2\/pages\/76\/revisions\/78"}],"wp:attachment":[{"href":"https:\/\/vipdekorambalaj.com\/index.php?rest_route=%2Fwp%2Fv2%2Fmedia&parent=76"}],"curies":[{"name":"wp","href":"https:\/\/api.w.org\/{rel}","templated":true}]}}