{"id":80,"date":"2024-11-01T11:41:38","date_gmt":"2024-11-01T08:41:38","guid":{"rendered":"https:\/\/vipdekorambalaj.com\/?page_id=80"},"modified":"2024-11-01T11:41:38","modified_gmt":"2024-11-01T08:41:38","slug":"degerli-madenler","status":"publish","type":"page","link":"https:\/\/vipdekorambalaj.com\/?page_id=80","title":{"rendered":"DE\u011eERL\u0130 MADENLER"},"content":{"rendered":"\n<p>V\u0130P DEKOR; \u00fcr\u00fcn desenlerinin daha parlak, y\u00fcksek kaliteli ve canl\u0131 g\u00f6r\u00fcnmesini sa\u011flayan k\u0131ymetli madenlerin bask\u0131lar\u0131n\u0131 yapmaktad\u0131r. Alt\u0131n, platin ve bak\u0131r \u00e7e\u015fitlerini, 600 derecelik f\u0131r\u0131nlarda pi\u015firip K\u0131ymetli \u00dcr\u00fcn \u00e7e\u015fitlili\u011fi sunmaktad\u0131r.<\/p>\n\n\n","protected":false},"excerpt":{"rendered":"<p>V\u0130P DEKOR; \u00fcr\u00fcn desenlerinin daha parlak, y\u00fcksek kaliteli ve canl\u0131 g\u00f6r\u00fcnmesini sa\u011flayan k\u0131ymetli madenlerin bask\u0131lar\u0131n\u0131 yapmaktad\u0131r. Alt\u0131n, platin ve bak\u0131r \u00e7e\u015fitlerini, 600 derecelik f\u0131r\u0131nlarda pi\u015firip K\u0131ymetli \u00dcr\u00fcn \u00e7e\u015fitlili\u011fi sunmaktad\u0131r.<\/p>\n","protected":false},"author":1,"featured_media":0,"parent":0,"menu_order":0,"comment_status":"closed","ping_status":"closed","template":"","meta":{"saved_in_kubio":false,"footnotes":""},"class_list":["post-80","page","type-page","status-publish","hentry"],"kubio_ai_page_context":{"short_desc":"","purpose":"general"},"_links":{"self":[{"href":"https:\/\/vipdekorambalaj.com\/index.php?rest_route=\/wp\/v2\/pages\/80","targetHints":{"allow":["GET"]}}],"collection":[{"href":"https:\/\/vipdekorambalaj.com\/index.php?rest_route=\/wp\/v2\/pages"}],"about":[{"href":"https:\/\/vipdekorambalaj.com\/index.php?rest_route=\/wp\/v2\/types\/page"}],"author":[{"embeddable":true,"href":"https:\/\/vipdekorambalaj.com\/index.php?rest_route=\/wp\/v2\/users\/1"}],"replies":[{"embeddable":true,"href":"https:\/\/vipdekorambalaj.com\/index.php?rest_route=%2Fwp%2Fv2%2Fcomments&post=80"}],"version-history":[{"count":1,"href":"https:\/\/vipdekorambalaj.com\/index.php?rest_route=\/wp\/v2\/pages\/80\/revisions"}],"predecessor-version":[{"id":82,"href":"https:\/\/vipdekorambalaj.com\/index.php?rest_route=\/wp\/v2\/pages\/80\/revisions\/82"}],"wp:attachment":[{"href":"https:\/\/vipdekorambalaj.com\/index.php?rest_route=%2Fwp%2Fv2%2Fmedia&parent=80"}],"curies":[{"name":"wp","href":"https:\/\/api.w.org\/{rel}","templated":true}]}}