{"id":84,"date":"2024-11-01T11:43:44","date_gmt":"2024-11-01T08:43:44","guid":{"rendered":"https:\/\/vipdekorambalaj.com\/?page_id=84"},"modified":"2024-11-01T11:43:44","modified_gmt":"2024-11-01T08:43:44","slug":"sicak-yaldiz-baski","status":"publish","type":"page","link":"https:\/\/vipdekorambalaj.com\/?page_id=84","title":{"rendered":"SICAK YALDIZ BASKI"},"content":{"rendered":"\n<p>V\u0130P DEKOR, Cam y\u00fczeyler \u00fczerine s\u0131cak folyo yald\u0131z bask\u0131 uygulamas\u0131 yapmaktad\u0131r. Ayr\u0131ca tam otomatik s\u0131cak folyo makinesi ile her boyut ve \u015fekilde cam \u00fcr\u00fcnler \u00fczerine, s\u0131cak folyo yald\u0131z bask\u0131 i\u015flemi yapabilmektedir.<\/p>\n\n\n","protected":false},"excerpt":{"rendered":"<p>V\u0130P DEKOR, Cam y\u00fczeyler \u00fczerine s\u0131cak folyo yald\u0131z bask\u0131 uygulamas\u0131 yapmaktad\u0131r. Ayr\u0131ca tam otomatik s\u0131cak folyo makinesi ile her boyut ve \u015fekilde cam \u00fcr\u00fcnler \u00fczerine, s\u0131cak folyo yald\u0131z bask\u0131 i\u015flemi yapabilmektedir.<\/p>\n","protected":false},"author":1,"featured_media":0,"parent":0,"menu_order":0,"comment_status":"closed","ping_status":"closed","template":"","meta":{"saved_in_kubio":false,"footnotes":""},"class_list":["post-84","page","type-page","status-publish","hentry"],"kubio_ai_page_context":{"short_desc":"","purpose":"general"},"_links":{"self":[{"href":"https:\/\/vipdekorambalaj.com\/index.php?rest_route=\/wp\/v2\/pages\/84","targetHints":{"allow":["GET"]}}],"collection":[{"href":"https:\/\/vipdekorambalaj.com\/index.php?rest_route=\/wp\/v2\/pages"}],"about":[{"href":"https:\/\/vipdekorambalaj.com\/index.php?rest_route=\/wp\/v2\/types\/page"}],"author":[{"embeddable":true,"href":"https:\/\/vipdekorambalaj.com\/index.php?rest_route=\/wp\/v2\/users\/1"}],"replies":[{"embeddable":true,"href":"https:\/\/vipdekorambalaj.com\/index.php?rest_route=%2Fwp%2Fv2%2Fcomments&post=84"}],"version-history":[{"count":1,"href":"https:\/\/vipdekorambalaj.com\/index.php?rest_route=\/wp\/v2\/pages\/84\/revisions"}],"predecessor-version":[{"id":86,"href":"https:\/\/vipdekorambalaj.com\/index.php?rest_route=\/wp\/v2\/pages\/84\/revisions\/86"}],"wp:attachment":[{"href":"https:\/\/vipdekorambalaj.com\/index.php?rest_route=%2Fwp%2Fv2%2Fmedia&parent=84"}],"curies":[{"name":"wp","href":"https:\/\/api.w.org\/{rel}","templated":true}]}}