{"id":88,"date":"2024-11-01T11:46:12","date_gmt":"2024-11-01T08:46:12","guid":{"rendered":"https:\/\/vipdekorambalaj.com\/?page_id=88"},"modified":"2026-01-30T17:48:03","modified_gmt":"2026-01-30T14:48:03","slug":"hakkimizda","status":"publish","type":"page","link":"https:\/\/vipdekorambalaj.com\/?page_id=88","title":{"rendered":"Hakk\u0131m\u0131zda"},"content":{"rendered":"\n\n\n<p class=\"has-kubio-color-5-color has-text-color has-link-color wp-elements-730c19ff37fcbd74851b40286999af0a\">V\u0130P DEKOR VE AMBALAJ, 2018 Y\u0131l\u0131ndan beri siz de\u011ferli M\u00fc\u015fterilerimize hizmet vermekteyiz. Kavanoz, Cam ve plastik \u015fi\u015fe, bardak ve benzeri t\u00fcm ambalaj \u00fcr\u00fcnlerine serigrafi bask\u0131 ve organik boyama dekoru yapmaktad\u0131r.<\/p>\n\n\n\n<p class=\"has-kubio-color-5-color has-text-color has-link-color wp-elements-b668596d91e3173c5ce1ebee0dff039d\">\u015eirketimiz bug\u00fcn 3500 Metrekare alan \u00fczerinde, faaliyetlerine devam etmektedir.<\/p>\n\n\n\n<p class=\"has-kubio-color-5-color has-text-color has-link-color wp-elements-d1bb051733e3984252ef5eaec6abec4a\">\u00dcretimimiz son teknoloji tam otomatik bask\u0131 makinalar\u0131 ve otomatik ya\u015f boyama hatlar\u0131 ile yap\u0131lmaktad\u0131r.<\/p>\n\n\n\n<p class=\"has-kubio-color-5-color has-text-color has-link-color wp-elements-c788f40cf52fff828a98c98d0c0939b7\">V\u0130P DEKOR VE AMBALAJ, G\u0131da-i\u00e7ecek, kozmetik, z\u00fcccaciye-mutfak e\u015fyalar\u0131 cam ve plastik \u00fcr\u00fcnler \u00fczerine ambalaj bask\u0131 ve boyama hizmeti vermektedir.<\/p>\n","protected":false},"excerpt":{"rendered":"<p>V\u0130P DEKOR VE AMBALAJ, 2018 Y\u0131l\u0131ndan beri siz de\u011ferli M\u00fc\u015fterilerimize hizmet vermekteyiz. Kavanoz, Cam ve plastik \u015fi\u015fe, bardak ve benzeri t\u00fcm ambalaj \u00fcr\u00fcnlerine serigrafi bask\u0131 ve organik boyama dekoru yapmaktad\u0131r. \u015eirketimiz bug\u00fcn 3500 Metrekare alan \u00fczerinde, faaliyetlerine devam etmektedir. \u00dcretimimiz son teknoloji tam otomatik bask\u0131 makinalar\u0131 ve otomatik ya\u015f boyama hatlar\u0131 ile yap\u0131lmaktad\u0131r. V\u0130P DEKOR [&hellip;]<\/p>\n","protected":false},"author":1,"featured_media":0,"parent":0,"menu_order":0,"comment_status":"closed","ping_status":"closed","template":"","meta":{"saved_in_kubio":true,"footnotes":""},"class_list":["post-88","page","type-page","status-publish","hentry"],"kubio_ai_page_context":{"short_desc":"","purpose":"general"},"_links":{"self":[{"href":"https:\/\/vipdekorambalaj.com\/index.php?rest_route=\/wp\/v2\/pages\/88","targetHints":{"allow":["GET"]}}],"collection":[{"href":"https:\/\/vipdekorambalaj.com\/index.php?rest_route=\/wp\/v2\/pages"}],"about":[{"href":"https:\/\/vipdekorambalaj.com\/index.php?rest_route=\/wp\/v2\/types\/page"}],"author":[{"embeddable":true,"href":"https:\/\/vipdekorambalaj.com\/index.php?rest_route=\/wp\/v2\/users\/1"}],"replies":[{"embeddable":true,"href":"https:\/\/vipdekorambalaj.com\/index.php?rest_route=%2Fwp%2Fv2%2Fcomments&post=88"}],"version-history":[{"count":2,"href":"https:\/\/vipdekorambalaj.com\/index.php?rest_route=\/wp\/v2\/pages\/88\/revisions"}],"predecessor-version":[{"id":370,"href":"https:\/\/vipdekorambalaj.com\/index.php?rest_route=\/wp\/v2\/pages\/88\/revisions\/370"}],"wp:attachment":[{"href":"https:\/\/vipdekorambalaj.com\/index.php?rest_route=%2Fwp%2Fv2%2Fmedia&parent=88"}],"curies":[{"name":"wp","href":"https:\/\/api.w.org\/{rel}","templated":true}]}}